{"id":15,"date":"2017-02-01T09:17:17","date_gmt":"2017-02-01T08:17:17","guid":{"rendered":"http:\/\/techmove.fr\/?page_id=15"},"modified":"2024-05-16T15:50:21","modified_gmt":"2024-05-16T13:50:21","slug":"societe","status":"publish","type":"page","link":"https:\/\/techmove.fr\/index.php\/societe\/","title":{"rendered":"Soci\u00e9t\u00e9"},"content":{"rendered":"<div id=\"techmove\" align=\"center\">Pr\u00e9sentation de TechMove<\/div>\n<hr \/>\n<p class=\"style1\" align=\"left\">TechMove est un d\u00e9partement du groupe AxanTech qui a \u00e9t\u00e9 constitu\u00e9e en 1998 par des personnes chevronn\u00e9es ayant acquis\u00a0 une exp\u00e9rience de plus de vingt ans dans le secteur des technologies de l&rsquo;information , tant dans les secteurs logiciels, services et mat\u00e9riels\u00a0 Notre mission est de faciliter le transfert de Technologies\u00a0 le conseil en management dans les nouvelles technologies, la migration du patrimoine applicatif, et la migration de donn\u00e9es<\/p>\n","protected":false},"excerpt":{"rendered":"<p>Pr\u00e9sentation de TechMove TechMove est un d\u00e9partement du groupe AxanTech qui a \u00e9t\u00e9 constitu\u00e9e en 1998 par des personnes chevronn\u00e9es ayant acquis\u00a0 une exp\u00e9rience de plus de vingt ans dans le secteur des technologies de l&rsquo;information , tant dans les &hellip; <a href=\"https:\/\/techmove.fr\/index.php\/societe\/\">Continuer la lecture <span class=\"meta-nav\">&rarr;<\/span><\/a><\/p>\n","protected":false},"author":1,"featured_media":0,"parent":0,"menu_order":0,"comment_status":"closed","ping_status":"closed","template":"","meta":{"footnotes":""},"class_list":["post-15","page","type-page","status-publish","hentry"],"_links":{"self":[{"href":"https:\/\/techmove.fr\/index.php\/wp-json\/wp\/v2\/pages\/15","targetHints":{"allow":["GET"]}}],"collection":[{"href":"https:\/\/techmove.fr\/index.php\/wp-json\/wp\/v2\/pages"}],"about":[{"href":"https:\/\/techmove.fr\/index.php\/wp-json\/wp\/v2\/types\/page"}],"author":[{"embeddable":true,"href":"https:\/\/techmove.fr\/index.php\/wp-json\/wp\/v2\/users\/1"}],"replies":[{"embeddable":true,"href":"https:\/\/techmove.fr\/index.php\/wp-json\/wp\/v2\/comments?post=15"}],"version-history":[{"count":4,"href":"https:\/\/techmove.fr\/index.php\/wp-json\/wp\/v2\/pages\/15\/revisions"}],"predecessor-version":[{"id":144,"href":"https:\/\/techmove.fr\/index.php\/wp-json\/wp\/v2\/pages\/15\/revisions\/144"}],"wp:attachment":[{"href":"https:\/\/techmove.fr\/index.php\/wp-json\/wp\/v2\/media?parent=15"}],"curies":[{"name":"wp","href":"https:\/\/api.w.org\/{rel}","templated":true}]}}