{"id":164,"date":"2024-05-17T21:38:38","date_gmt":"2024-05-17T19:38:38","guid":{"rendered":"http:\/\/techmove.fr\/?page_id=164"},"modified":"2024-06-14T17:48:03","modified_gmt":"2024-06-14T15:48:03","slug":"rpg-convertor","status":"publish","type":"page","link":"https:\/\/techmove.fr\/index.php\/conversions\/rpg-convertor\/","title":{"rendered":"RPG Convertor"},"content":{"rendered":"\n<h2 class=\"wp-block-heading\"><strong>RPG Convertor\u00a0: Outil de conversion des programmes Gap en Cobol.<\/strong><\/h2>\n\n\n\n<p>Notre automate est un outil logiciel qui automatise la conversion des programmes GAP\/RPG vers&nbsp; Cobol, et qui g\u00e9n\u00e9re les programmes compil\u00e9s.&nbsp; L&rsquo;outil permet \u00e9galement de&nbsp; g\u00e9n\u00e9rer du SQL pour migrer vers Oracle ou DB2 en remplacement du KSDS ou des fichiers s\u00e9quentiels, utilisant les d\u00e9finitions de tables et les copies. L&rsquo;outil RPG Convertor automatise la conversion et industrialise le processus.<\/p>\n\n\n\n<p>Les instructions GAP que notre traducteur traite sont les suivantes :<\/p>\n\n\n\n<p>ADD,BEGSR,CHAIN, COMP, DIV, ENDSR,EXCPT,EXSR,GOTO,LOKUP,MOVE,MOVEA,MOVEL, MULT, MVR,<\/p>\n\n\n\n<p>READ,SETOF, SETON, SUB, TAG, TIME, XFOOT, Z-ADD,Z-SUB.<\/p>\n\n\n\n<p>Pour appr\u00e9hender les r\u00e9sultats de&nbsp; notre traducteur, voici un programme source (format pdf)<a href=\"http:\/\/www.axantech.com\/migrations\/SAMPLE.GAP.pdf\">Gap <\/a>et le r\u00e9sultat g\u00e9n\u00e9r\u00e9 (format pdf) en <a href=\"http:\/\/www.axantech.com\/migrations\/SAMPLE.COB.pdf\">Cobol <\/a>&nbsp; par l&rsquo;outil RPGConvertor<\/p>\n\n\n\n<p>Dans le cadre d&rsquo;une d\u00e9marche migration, vous pouvez nous soumettre vos programmes \u00e9chantillon afin de v\u00e9rifier le bon fonctionnement de l&rsquo;outil.<\/p>\n","protected":false},"excerpt":{"rendered":"<p>RPG Convertor\u00a0: Outil de conversion des programmes Gap en Cobol. Notre automate est un outil logiciel qui automatise la conversion des programmes GAP\/RPG vers&nbsp; Cobol, et qui g\u00e9n\u00e9re les programmes compil\u00e9s.&nbsp; L&rsquo;outil permet \u00e9galement de&nbsp; g\u00e9n\u00e9rer du SQL pour migrer &hellip; <a href=\"https:\/\/techmove.fr\/index.php\/conversions\/rpg-convertor\/\">Continuer la lecture <span class=\"meta-nav\">&rarr;<\/span><\/a><\/p>\n","protected":false},"author":1,"featured_media":0,"parent":42,"menu_order":4,"comment_status":"closed","ping_status":"closed","template":"","meta":{"footnotes":""},"class_list":["post-164","page","type-page","status-publish","hentry"],"_links":{"self":[{"href":"https:\/\/techmove.fr\/index.php\/wp-json\/wp\/v2\/pages\/164","targetHints":{"allow":["GET"]}}],"collection":[{"href":"https:\/\/techmove.fr\/index.php\/wp-json\/wp\/v2\/pages"}],"about":[{"href":"https:\/\/techmove.fr\/index.php\/wp-json\/wp\/v2\/types\/page"}],"author":[{"embeddable":true,"href":"https:\/\/techmove.fr\/index.php\/wp-json\/wp\/v2\/users\/1"}],"replies":[{"embeddable":true,"href":"https:\/\/techmove.fr\/index.php\/wp-json\/wp\/v2\/comments?post=164"}],"version-history":[{"count":1,"href":"https:\/\/techmove.fr\/index.php\/wp-json\/wp\/v2\/pages\/164\/revisions"}],"predecessor-version":[{"id":165,"href":"https:\/\/techmove.fr\/index.php\/wp-json\/wp\/v2\/pages\/164\/revisions\/165"}],"up":[{"embeddable":true,"href":"https:\/\/techmove.fr\/index.php\/wp-json\/wp\/v2\/pages\/42"}],"wp:attachment":[{"href":"https:\/\/techmove.fr\/index.php\/wp-json\/wp\/v2\/media?parent=164"}],"curies":[{"name":"wp","href":"https:\/\/api.w.org\/{rel}","templated":true}]}}