{"id":178,"date":"2024-06-14T16:55:05","date_gmt":"2024-06-14T14:55:05","guid":{"rendered":"https:\/\/techmove.fr\/?page_id=178"},"modified":"2024-06-14T17:47:46","modified_gmt":"2024-06-14T15:47:46","slug":"ideal","status":"publish","type":"page","link":"https:\/\/techmove.fr\/index.php\/conversions\/ideal\/","title":{"rendered":"Ideal Datacom"},"content":{"rendered":"\n<h2 class=\"wp-block-heading\">MIGRATION IDEAL DATACOM VERS COBOL\/DB2 OU MICROFOCUS\/ORACLE\/UNIX<\/h2>\n\n\n\n<p>Nous utilisons un logiciel de conversion automatis\u00e9 pour migrer&nbsp; :<\/p>\n\n\n\n<ul class=\"wp-block-list\">\n<li>\u00b7&nbsp;&nbsp;&nbsp;&nbsp;&nbsp;&nbsp;&nbsp;&nbsp;&nbsp;&nbsp;&nbsp;&nbsp; Vos bases de donn\u00e9es<strong><em> CA-Datacom<\/em><\/strong> vers<strong><em> DB2 ou Oracle<\/em><\/strong><\/li>\n\n\n\n<li>\u00b7&nbsp;&nbsp;&nbsp;&nbsp;&nbsp;&nbsp;&nbsp;&nbsp;&nbsp;&nbsp;&nbsp;&nbsp; Vos applications<strong><em> CA-Ideal <\/em><\/strong>vers<strong><em> CA-Ideal\/DB2 ou <\/em><\/strong><strong><em>M<\/em><\/strong><strong><em>F<\/em><\/strong><em><strong>\/<\/strong><\/em><strong><em>Cobol\/<\/em><\/strong> \u00e0 iso fonctionnalit\u00e9s et en conservant la m\u00eame pr\u00e9sentation. &nbsp;<\/li>\n<\/ul>\n\n\n\n<p><strong>Etude de conversion<\/strong><\/p>\n\n\n\n<p>Avant de commencer un projet de conversion, nous faisons une \u00e9tude de votre environnement actuel qui r\u00e9sultera dans la production d\u2019un rapport permettant l\u2019\u00e9tablissement d\u2019un planning et d\u2019un budget pr\u00e9visionnel d\u00e9finissant l\u2019approche et le d\u00e9roulement de la conversion s\u2019appuyant sur la taille et la complexit\u00e9 de vos applications.<\/p>\n\n\n\n<p>Nous utiliserons vos programmes et vos tables pour d\u00e9montrer la qualit\u00e9 et l\u2019efficacit\u00e9 de nos outils.<\/p>\n\n\n\n<p><strong>&nbsp; Maquette<\/strong><\/p>\n\n\n\n<p>Durant la premi\u00e8re phase du projet de conversion , une application de taille r\u00e9duite correspondant aux besoins du client sera converti, test\u00e9 et mis en \u0153uvre. &nbsp;<\/p>\n\n\n\n<p><strong>Projet de conversion<\/strong><\/p>\n\n\n\n<p>Nous offrons 2 possibilit\u00e9s de r\u00e9alisation :<\/p>\n\n\n\n<ul class=\"wp-block-list\">\n<li> Nous r\u00e9alisons le projet \u00e0 notre atelier de conversion et vous&nbsp;recevez les sources correctement compil\u00e9es et converties.<\/li>\n\n\n\n<li>sur site avec l\u2019aide de nos experts conversion.&nbsp;<\/li>\n<\/ul>\n\n\n\n<p><strong><em>Le traitement des donn\u00e9es.<\/em><\/strong><\/p>\n\n\n\n<p>Un consultant viendra sur site et installera nos outils pour collecter toutes les donn\u00e9es n\u00e9cessaires pour la conversion.<\/p>\n\n\n\n<p><strong><em> Conversion DB et Applications<\/em><\/strong><\/p>\n\n\n\n<p>&nbsp;Automatiquement, notre outil<\/p>\n\n\n\n<ul class=\"wp-block-list\">\n<li>convertira les tables Datacom en tenant compte les diff\u00e9rences entre les 2 bases de donn\u00e9es. &nbsp;<\/li>\n\n\n\n<li>convertira les d\u00e9finitions des \u00e9crans et rapports en offrant la m\u00eame pr\u00e9sentation pour les \u00e9crans et la m\u00eame mise en page pour les rapports. Il&nbsp;convertira vos programmes en des programmes parfaitement lisibles, maintennables et&nbsp; fonctionnant \u00e0 l\u2019identique selon vos normes de d\u00e9veloppement.<\/li>\n\n\n\n<li>changera les JCLs en harmonie avec l\u2019environnement cible.<\/li>\n\n\n\n<li>cr\u00e9era des modules d\u2019acc\u00e8s (si n\u00e9cessaire).<\/li>\n\n\n\n<li>cr\u00e9era des programmes pour la conversion des donn\u00e9es.<\/li>\n<\/ul>\n\n\n\n<p>Les codes qui ne sont pas convertis automatiquement seront list\u00e9s et convertis manuellement. Si n\u00e9cessaire des user-exits seront&nbsp; d\u00e9velopp\u00e9s pour automatiser ces lignes de codes.<\/p>\n\n\n\n<p><strong><em>L<\/em><\/strong><strong><em>ivraison<\/em><\/strong><\/p>\n\n\n\n<p>Les Bases de Donn\u00e9es et sources converties seront livr\u00e9es par un de nos consultants.<\/p>\n\n\n\n<p>Nous viendrons sur site pour installer et tester l\u2019application convertie en utilisant votre environnement de conversion sp\u00e9cifique. <strong><em>&nbsp;<\/em><\/strong><\/p>\n\n\n\n<p><strong><em>Support<\/em><\/strong><\/p>\n\n\n\n<p>Il est pr\u00e9vu dans notre offre (\u00e0 distance \/ sur site). <strong>&nbsp;<\/strong><\/p>\n\n\n\n<p><strong>Test du Syst\u00e8me<\/strong><\/p>\n\n\n\n<p>La phase de test est r\u00e9duite de fa\u00e7on significative&nbsp; gr\u00e2ce au pourcentage tr\u00e8s \u00e9lev\u00e9 de conversion automatique. Si n\u00e9cessaire, nous fournirons une assistance&nbsp; pendant la phase de test. &nbsp;<\/p>\n\n\n\n<p><strong>Mise en \u0153uvre<\/strong><\/p>\n\n\n\n<p>L\u2019application convertie est mise en production. Nous supportons la co-existence de CA-Datacom et DB2 (ou Oracle), pour cela nous offrons une ex\u00e9cution plus flexible et un minimum de risques.<\/p>\n\n\n\n<p>La maintenance pendant un projet est possible parce que les p\u00e9riodes d\u2019arr\u00eat sont tr\u00e8s courtes gr\u00e2ce \u00e0 notre approche centralis\u00e9e.<\/p>\n\n\n\n<figure class=\"wp-block-image size-full\"><img loading=\"lazy\" decoding=\"async\" width=\"722\" height=\"312\" src=\"https:\/\/techmove.fr\/wp-content\/uploads\/2024\/06\/index.2.gif\" alt=\"\" class=\"wp-image-179\"\/><\/figure>\n\n\n\n<ul class=\"wp-block-list\">\n<li><strong><em>Le chargement<\/em><\/strong><\/li>\n<\/ul>\n\n\n\n<p>Tous les modules de source (Tables CA-Datacom, programmes, panels, rapports CA-Ideal, programmes natifs CA-Datacom, JCL) sont charg\u00e9s dans le dictionnaire de notre outil.<\/p>\n\n\n\n<ul class=\"wp-block-list\">\n<li><strong><em>L\u2019analyse<\/em><\/strong><\/li>\n<\/ul>\n\n\n\n<p>&nbsp;&nbsp;&nbsp;&nbsp;Notre outil analyse et normalise les sources modules.<\/p>\n\n\n\n<ul class=\"wp-block-list\">\n<li><strong><em>La mise au point<\/em><\/strong><\/li>\n<\/ul>\n\n\n\n<p>Les conflits concernant la conversion, les types de data, la longueur des domaines sont r\u00e9solus.<\/p>\n\n\n\n<p>Toutes les diff\u00e9rences entre CA-Datacom et DB2 sont trait\u00e9es.<\/p>\n\n\n\n<ul class=\"wp-block-list\">\n<li><strong><em>La conversion automatique<\/em><\/strong><\/li>\n<\/ul>\n\n\n\n<p>&nbsp;&nbsp;&nbsp;&nbsp; Notre outil traduit toutes les sources automatiquement.<\/p>\n\n\n\n<ul class=\"wp-block-list\">\n<li><strong><em>L\u2019exportation<\/em><\/strong><\/li>\n<\/ul>\n\n\n\n<p>Les sources converties sont export\u00e9es vers le dictionnaire de&nbsp; notre outil.<\/p>\n\n\n\n<ul class=\"wp-block-list\">\n<li><strong><em>Les modifications manuelles<\/em><\/strong><\/li>\n<\/ul>\n\n\n\n<p>Nous listerons et r\u00e9soudrons les probl\u00e8mes qui ne peuvent pas \u00eatre convertis automatiquement.<\/p>\n\n\n\n<ul class=\"wp-block-list\">\n<li><strong><em>Le contr\u00f4le de qualit\u00e9<br><\/em><\/strong>&#8230; sera ex\u00e9cut\u00e9 pour contr\u00f4ler les sources converties.<\/li>\n<\/ul>\n\n\n\n<figure class=\"wp-block-image size-full\"><img loading=\"lazy\" decoding=\"async\" width=\"406\" height=\"348\" src=\"https:\/\/techmove.fr\/wp-content\/uploads\/2024\/06\/index.3.jpg\" alt=\"\" class=\"wp-image-180\" srcset=\"https:\/\/techmove.fr\/wp-content\/uploads\/2024\/06\/index.3.jpg 406w, https:\/\/techmove.fr\/wp-content\/uploads\/2024\/06\/index.3-300x257.jpg 300w\" sizes=\"auto, (max-width: 406px) 100vw, 406px\" \/><\/figure>\n\n\n\n<h2 class=\"wp-block-heading\">Les composants de l&rsquo;outil de transformation.<\/h2>\n\n\n\n<figure class=\"wp-block-image size-full\"><img loading=\"lazy\" decoding=\"async\" width=\"411\" height=\"308\" src=\"https:\/\/techmove.fr\/wp-content\/uploads\/2024\/06\/index.4.gif\" alt=\"\" class=\"wp-image-181\"\/><\/figure>\n\n\n\n<p><strong><em>Outil 1: <\/em><\/strong>La tableCA-Datacom&nbsp; est traduit&nbsp; en une (ou plusieurs) table(s) DB2, toutes les views sont cr\u00e9\u00e9s, et le re-design possible.<\/p>\n\n\n\n<p><strong><em>Outil 2<\/em>: <\/strong>Les Programmes CA-Ideal\/Datacom sont traduits en programmes CA-Ideal\/DB2.<\/p>\n\n\n\n<p><strong><em>Outil 3<\/em>: <\/strong>Les ProgrammesCA-Ideal\/Datacom sont traduits en programmes COBOL\/SQL.<\/p>\n\n\n\n<p><strong><em>Outil 4<\/em>: <\/strong>L\u2019\u00e9cran CA-Ideal est traduit en BMS-Map, les copybooks g\u00e9n\u00e9r\u00e9s , le traitement de l\u2019\u00e9cran en programme.<\/p>\n\n\n\n<p><strong><em>Outil 5<\/em>: <\/strong>Le rapport CA-Ideal est traduit en 2 programmes COBOL,1 pour extraire les&nbsp; donn\u00e9es de seq.file et 1 pour produire des rapports.<\/p>\n\n\n\n<p><strong><em>Outil 6<\/em>: <\/strong>Le Programme natif Datacom est traduit pour utiliser SQL (copybook dans le programme ou par Module d\u2019Acc\u00e8s).<\/p>\n\n\n\n<p><strong><em>Outil 7<\/em>: <\/strong>Conversion de JCL pour utiliser DB2 au lieu de <strong><em><\/em><\/strong>CA-Datacom.<\/p>\n\n\n\n<p class=\"has-text-color has-link-color has-medium-font-size wp-elements-9eae944eeb546484f4b3d175972de7a5\" style=\"color:#5a181c\"><strong>Plus de 90%<\/strong> <strong>converti<\/strong> &nbsp;<strong>AUTOMATIQUEMENT&nbsp;<\/strong><\/p>\n\n\n\n<figure class=\"wp-block-table\"><table><tbody><tr><td colspan=\"2\">L&rsquo;outil convertit<\/td><td>&nbsp;<\/td><td>&nbsp;<\/td><\/tr><tr><td>&nbsp;<\/td><td>&nbsp;<\/td><td colspan=\"2\">&nbsp;<\/td><td>Effort<\/td><td>Jours<\/td><\/tr><tr><td>&nbsp;<\/td><td>1000<\/td><td>Programmes CA-Ideal<\/td><td>&nbsp;<\/td><td>6\/jour<\/td><td>167<\/td><\/tr><tr><td>&nbsp;<\/td><td>500<\/td><td>Ecrans<\/td><td>&nbsp;<\/td><td>50\/jour<\/td><td>10<\/td><\/tr><tr><td>&nbsp;<\/td><td>500<\/td><td>Rapports<\/td><td>&nbsp;<\/td><td>20\/jour<\/td><td>25<\/td><\/tr><tr><td>&nbsp;<\/td><td>500<\/td><td colspan=\"2\">Tables CA-Datacom<\/td><td>250\/jour<\/td><td>2<\/td><\/tr><tr><td>&nbsp;<\/td><td>500<\/td><td colspan=\"2\">Programmes Natif Datacom<\/td><td>10\/jour<\/td><td>50<\/td><\/tr><tr><td>&nbsp;<\/td><td>500<\/td><td>JCL<\/td><td>&nbsp;<\/td><td>50\/jour<\/td><td>10<\/td><\/tr><tr><td>&nbsp;<\/td><td>&nbsp;<\/td><td colspan=\"2\">Gestion du projet<\/td><td>20%<\/td><td>66<\/td><\/tr><tr><td>&nbsp;<\/td><td>&nbsp;<\/td><td>&nbsp;<\/td><td>&nbsp;<\/td><td>&nbsp;<\/td><td><strong>330<\/strong><\/td><\/tr><\/tbody><\/table><\/figure>\n","protected":false},"excerpt":{"rendered":"<p>MIGRATION IDEAL DATACOM VERS COBOL\/DB2 OU MICROFOCUS\/ORACLE\/UNIX Nous utilisons un logiciel de conversion automatis\u00e9 pour migrer&nbsp; : Etude de conversion Avant de commencer un projet de conversion, nous faisons une \u00e9tude de votre environnement actuel qui r\u00e9sultera dans la production &hellip; <a href=\"https:\/\/techmove.fr\/index.php\/conversions\/ideal\/\">Continuer la lecture <span class=\"meta-nav\">&rarr;<\/span><\/a><\/p>\n","protected":false},"author":1,"featured_media":0,"parent":42,"menu_order":2,"comment_status":"closed","ping_status":"closed","template":"","meta":{"footnotes":""},"class_list":["post-178","page","type-page","status-publish","hentry"],"_links":{"self":[{"href":"https:\/\/techmove.fr\/index.php\/wp-json\/wp\/v2\/pages\/178","targetHints":{"allow":["GET"]}}],"collection":[{"href":"https:\/\/techmove.fr\/index.php\/wp-json\/wp\/v2\/pages"}],"about":[{"href":"https:\/\/techmove.fr\/index.php\/wp-json\/wp\/v2\/types\/page"}],"author":[{"embeddable":true,"href":"https:\/\/techmove.fr\/index.php\/wp-json\/wp\/v2\/users\/1"}],"replies":[{"embeddable":true,"href":"https:\/\/techmove.fr\/index.php\/wp-json\/wp\/v2\/comments?post=178"}],"version-history":[{"count":3,"href":"https:\/\/techmove.fr\/index.php\/wp-json\/wp\/v2\/pages\/178\/revisions"}],"predecessor-version":[{"id":186,"href":"https:\/\/techmove.fr\/index.php\/wp-json\/wp\/v2\/pages\/178\/revisions\/186"}],"up":[{"embeddable":true,"href":"https:\/\/techmove.fr\/index.php\/wp-json\/wp\/v2\/pages\/42"}],"wp:attachment":[{"href":"https:\/\/techmove.fr\/index.php\/wp-json\/wp\/v2\/media?parent=178"}],"curies":[{"name":"wp","href":"https:\/\/api.w.org\/{rel}","templated":true}]}}