{"id":91,"date":"2024-03-04T10:42:00","date_gmt":"2024-03-04T09:42:00","guid":{"rendered":"http:\/\/techmove.fr\/?page_id=91"},"modified":"2024-06-15T14:57:34","modified_gmt":"2024-06-15T12:57:34","slug":"accueil","status":"publish","type":"page","link":"https:\/\/techmove.fr\/","title":{"rendered":"Accueil"},"content":{"rendered":"<p><i><span style=\"color: #666666;\">TechMove\u00ae r\u00e9alise des conversions de programmes et migration de base de donn\u00e9es<br \/>\n<\/span><\/i><\/p>\n<p align=\"left\"><span style=\"color: #666666; font-family: Verdana; font-size: small;\"><strong>Nos domaines d&rsquo;Expertise sont les suivants : <\/strong><\/span><\/p>\n<p><span style=\"color: #003366; font-family: Verdana; font-size: small;\"><b><i>Le CHANGEMENT DE SYSTEME D&rsquo;EXPLOITATION<\/i><\/b> :\u00a0 GCOS7,GC0S8,VSE,MVS,AS400,UNIX,WINDOWS<\/span><\/p>\n<p><span style=\"color: #003366; font-family: Verdana; font-size: small;\"><b><i>La TRANSFORMATION DE LANGUAGE<\/i><\/b> : Assembleur, Cobol, Gap, PL1, Pacbase, Ariane, etc..<\/span><span style=\"color: #003366; font-family: Verdana; font-size: small;\"><b><i>La CONVERSATION DE L4G<\/i><\/b> : Ads, Ideal, Natural.<\/span><span style=\"color: #003366; font-family: Verdana; font-size: small;\"><b><i>La MIGRATION DE DONNEES ET DE SGBD<\/i><\/b> : ADABAS, DATACOM, DL1, IDMS,IDS2,DB2,ORACLE,SYBASE <\/span><\/p>\n<p style=\"text-align: left;\"><span style=\"color: #003366; font-family: Verdana; font-size: small;\"><b><i>La TRANSFORMATION DE MONITEUR TRANSACTIONNEL<\/i><\/b> : IMS, TCAM, CICS, TDS, DM4\/TP, UNIKIX<\/span><\/p>\n<hr \/>\n<p><span style=\"color: #666666; font-family: Arial; font-size: small;\"><b><strong>\u00a0\u00a0\u00a0\u00a0\u00a0\u00a0\u00a0\u00a0\u00a0\u00a0\u00a0\u00a0\u00a0\u00a0\u00a0\u00a0\u00a0\u00a0\u00a0\u00a0\u00a0\u00a0\u00a0\u00a0\u00a0\u00a0\u00a0\u00a0\u00a0\u00a0\u00a0\u00a0\u00a0 Voici quelques exemples\u00a0 de projets que nous savons r\u00e9aliser pour vous :\u00a0<\/strong><\/b><\/span><u><span style=\"color: #666666; font-family: Arial; font-size: medium;\"><br \/>\n<\/span><\/u><\/p>\n<ul>\n<li>\n<h5><strong><span style=\"color: #000080; font-size: small;\">De Cobol\/CICS\/MVS\u00a0 vers MF\/ Cobol\/ Oracle Unix.<\/span><\/strong><\/h5>\n<\/li>\n<li>\n<h5><strong><span style=\"color: #000080; font-size: small;\">De Cobol\/BULL GCOS7 ou \/8\u00a0 vers Cobol\/Unix.\u00a0<\/span><\/strong><\/h5>\n<\/li>\n<li>\n<h5><strong><span style=\"color: #000080; font-size: small;\">De Cobol vers Java<\/span><\/strong><\/h5>\n<\/li>\n<li>\n<h5><strong><span style=\"color: #000080; font-size: small;\">De PL1 vers C <\/span><\/strong><\/h5>\n<\/li>\n<li><strong><strong><span style=\"color: #000080; font-size: small;\">De Forms\/Oracle vers Java<\/span><\/strong><\/strong><\/li>\n<li>\n<h5><a href=\"https:\/\/techmove.fr\/index.php\/projet\/rpg-convertor\/\"><strong><span style=\"color: #000080; font-size: small;\">De Gap\/VSE vers MF Cobol\/Unix.<\/span><\/strong><\/a><\/h5>\n<\/li>\n<li>\n<h5><a href=\"https:\/\/techmove.fr\/index.php\/projet\/ideal\/\"><strong><span style=\"font-size: small;\"><span style=\"color: #000080;\">De IDEAL\/DATACOM vers Cobol\/CICS\/DB2 ou Microfocus\/Cobol\/Oracle\/Unix.<\/span><\/span><\/strong><\/a><\/h5>\n<\/li>\n<li>\n<h5><a href=\"https:\/\/techmove.fr\/index.php\/projet\/conversion-ids2db2\/\"><strong><span style=\"color: #000080; font-size: small;\">D&rsquo;IDMS ou IDS2 vers DB2<\/span><\/strong><\/a><\/h5>\n<\/li>\n<li><a href=\"https:\/\/techmove.fr\/index.php\/projet\/adabas-to-db2\/\"><b><b><span style=\"font-size: small;\"><span style=\"color: #000080;\">De Natural Adabas vers MF\/Cobol\/Oracle\/Unix<\/span><\/span><\/b><\/b><\/a><\/li>\n<li>\n<h5><strong><span style=\"color: #000080; font-size: small;\">De DB2\u00ae vers Oracle\u00ae<\/span><\/strong><\/h5>\n<\/li>\n<li>\n<h5><span style=\"color: #000080; font-size: small;\"><strong>De Powerbuilder vers Java,\u00a0<\/strong> <\/span><\/h5>\n<\/li>\n<li>\n<h5><span style=\"color: #000080; font-size: small;\"><strong>D&rsquo;un langage source vers un langage cible, d&rsquo;une base de donn\u00e9e vers une autre, d&rsquo;une plateforme vers une autre.<\/strong> <\/span><\/h5>\n<\/li>\n<\/ul>\n<hr \/>\n<h4><span style=\"color: #666666; font-size: small;\">Si vous souhaitez nous consulter pour votre projet, nous vous enverrons un questionnaire permettant de\u00a0 pr\u00e9ciser votre volum\u00e9trie et\u00a0<\/span><span style=\"color: #666666; font-size: small;\"> qui permettront d&rsquo;\u00e9valuer votre p\u00e9rim\u00e9tre et de faciliter l&rsquo;\u00e9tude de la conversion ou migration vers la cible que vous vous \u00eates fix\u00e9s d&rsquo;ici une date envisag\u00e9e. <\/span><\/h4>\n<h4><span style=\"color: #666666; font-size: small;\">merci de bien vouloir nous contacter \u00e0 l&rsquo;adresse suivante :\u00a0 info[@]techmove.fr\u00a0 <\/span><span style=\"color: #666666; font-size: small;\">ou par t\u00e9l\u00e9phone au 04.72.85.01.67.<\/span><\/h4>\n<h4><span style=\"color: #666666; font-size: small;\"><strong>Notre Soci\u00e9t\u00e9 et ses Partenaires poss\u00e8dent\u00a0 une expertise dans la conversion de programmes et migration de donn\u00e9es et nous pourrons vous communiquer des r\u00e9f\u00e9rences qui vous convaincront. <\/strong><\/span><\/h4>\n<p><i><span style=\"color: #666666;\">\u00a0<\/span><\/i><\/p>\n","protected":false},"excerpt":{"rendered":"<p>TechMove\u00ae r\u00e9alise des conversions de programmes et migration de base de donn\u00e9es Nos domaines d&rsquo;Expertise sont les suivants : Le CHANGEMENT DE SYSTEME D&rsquo;EXPLOITATION :\u00a0 GCOS7,GC0S8,VSE,MVS,AS400,UNIX,WINDOWS La TRANSFORMATION DE LANGUAGE : Assembleur, Cobol, Gap, PL1, Pacbase, Ariane, etc..La CONVERSATION DE &hellip; <a href=\"https:\/\/techmove.fr\/\">Continuer la lecture <span class=\"meta-nav\">&rarr;<\/span><\/a><\/p>\n","protected":false},"author":1,"featured_media":0,"parent":0,"menu_order":0,"comment_status":"closed","ping_status":"closed","template":"","meta":{"footnotes":""},"class_list":["post-91","page","type-page","status-publish","hentry"],"_links":{"self":[{"href":"https:\/\/techmove.fr\/index.php\/wp-json\/wp\/v2\/pages\/91","targetHints":{"allow":["GET"]}}],"collection":[{"href":"https:\/\/techmove.fr\/index.php\/wp-json\/wp\/v2\/pages"}],"about":[{"href":"https:\/\/techmove.fr\/index.php\/wp-json\/wp\/v2\/types\/page"}],"author":[{"embeddable":true,"href":"https:\/\/techmove.fr\/index.php\/wp-json\/wp\/v2\/users\/1"}],"replies":[{"embeddable":true,"href":"https:\/\/techmove.fr\/index.php\/wp-json\/wp\/v2\/comments?post=91"}],"version-history":[{"count":11,"href":"https:\/\/techmove.fr\/index.php\/wp-json\/wp\/v2\/pages\/91\/revisions"}],"predecessor-version":[{"id":199,"href":"https:\/\/techmove.fr\/index.php\/wp-json\/wp\/v2\/pages\/91\/revisions\/199"}],"wp:attachment":[{"href":"https:\/\/techmove.fr\/index.php\/wp-json\/wp\/v2\/media?parent=91"}],"curies":[{"name":"wp","href":"https:\/\/api.w.org\/{rel}","templated":true}]}}